{"id":12,"date":"2025-12-02T12:25:41","date_gmt":"2025-12-02T11:25:41","guid":{"rendered":"https:\/\/elliot.app.ndlpavranches.fr\/?page_id=12"},"modified":"2025-12-11T14:31:58","modified_gmt":"2025-12-11T13:31:58","slug":"elliot","status":"publish","type":"page","link":"https:\/\/elliot.app.ndlpavranches.fr\/?page_id=12","title":{"rendered":"\u00c0 propos de moi"},"content":{"rendered":"\n<div class=\"wp-block-group alignfull has-accent-background-color has-background has-global-padding is-layout-constrained wp-container-core-group-is-layout-669513ed wp-block-group-is-layout-constrained\" id=\"a-propos\" style=\"margin-top:0;margin-bottom:0;padding-top:var(--wp--preset--spacing--50);padding-right:var(--wp--preset--spacing--50);padding-bottom:var(--wp--preset--spacing--50);padding-left:var(--wp--preset--spacing--50)\">\n<div class=\"wp-block-columns alignwide is-layout-flex wp-container-core-columns-is-layout-1da03c2a wp-block-columns-is-layout-flex\">\n<div class=\"wp-block-column is-vertically-aligned-stretch is-layout-flow wp-block-column-is-layout-flow\" style=\"flex-basis:50%\">\n<div class=\"wp-block-group is-vertical is-content-justification-stretch is-layout-flex wp-container-core-group-is-layout-401b7a8a wp-block-group-is-layout-flex\" style=\"min-height:100%\">\n<p class=\"has-heading-font-family has-x-large-font-size\" style=\"line-height:1.2\">\u00c9tudiant en BTS SIO \u00e0 Notre Dame de La Providence \u00e0 Avranches, <\/p>\n\n\n\n<p class=\"has-heading-font-family has-x-large-font-size\" style=\"line-height:1.2\">passionn\u00e9 par les nouvelles technologies et l&rsquo;intelligence artificielle, <\/p>\n\n\n\n<p class=\"has-heading-font-family has-x-large-font-size\" style=\"line-height:1.2\">je suis un d\u00e9veloppeur ambitieux avec un objectif clair : devenir ing\u00e9nieur en IA.<\/p>\n<\/div>\n<\/div>\n\n\n\n<div class=\"wp-block-column is-vertically-aligned-center is-layout-flow wp-block-column-is-layout-flow\" style=\"flex-basis:50%\">\n<figure class=\"wp-block-image size-large is-resized is-style-rounded is-style-rounded--1\"><img loading=\"lazy\" decoding=\"async\" width=\"887\" height=\"1024\" src=\"https:\/\/elliot.app.ndlpavranches.fr\/wp-content\/uploads\/2025\/12\/IMG_7571-1-887x1024.png\" alt=\"\" class=\"wp-image-39\" style=\"aspect-ratio:0.75;object-fit:cover;width:378px;height:auto\" srcset=\"https:\/\/elliot.app.ndlpavranches.fr\/wp-content\/uploads\/2025\/12\/IMG_7571-1-887x1024.png 887w, https:\/\/elliot.app.ndlpavranches.fr\/wp-content\/uploads\/2025\/12\/IMG_7571-1-260x300.png 260w, https:\/\/elliot.app.ndlpavranches.fr\/wp-content\/uploads\/2025\/12\/IMG_7571-1-768x887.png 768w, https:\/\/elliot.app.ndlpavranches.fr\/wp-content\/uploads\/2025\/12\/IMG_7571-1.png 1170w\" sizes=\"auto, (max-width: 887px) 100vw, 887px\" \/><\/figure>\n<\/div>\n<\/div>\n<\/div>\n\n\n\n<div class=\"wp-block-group alignfull has-accent-background-color has-background has-global-padding is-layout-constrained wp-container-core-group-is-layout-669513ed wp-block-group-is-layout-constrained\" style=\"margin-top:0;margin-bottom:0;padding-top:var(--wp--preset--spacing--50);padding-right:var(--wp--preset--spacing--50);padding-bottom:var(--wp--preset--spacing--50);padding-left:var(--wp--preset--spacing--50)\">\n<h2 class=\"wp-block-heading\">Comp\u00e9tences<\/h2>\n\n\n\n<p><\/p>\n\n\n\n<div class=\"wp-block-group alignwide has-global-padding is-layout-constrained wp-block-group-is-layout-constrained\">\n<ul class=\"wp-block-list\">\n<li><strong>D\u00e9veloppement Web<\/strong> : Je suis un d\u00e9veloppeur comp\u00e9tent avec une solide ma\u00eetrise de HTML, CSS, C# et des frameworks modernes. Je me sp\u00e9cialise dans la cr\u00e9ation de sites web dynamiques et esth\u00e9tiques pour l&rsquo;instant.<\/li>\n<\/ul>\n<\/div>\n\n\n\n<ul class=\"wp-block-list\">\n<li><strong>Intelligence Artificielle<\/strong> : Passionn\u00e9 par l&rsquo;IA, je travaille sur des projets personnels pour approfondir mes connaissances en machine learning et en algorithmie, avec l&rsquo;ambition de devenir ing\u00e9nieur dans ce domaine.<\/li>\n<\/ul>\n\n\n\n<ul class=\"wp-block-list\">\n<li><strong>Musique et Cr\u00e9ation<\/strong> : En parall\u00e8le, je suis \u00e9galement musicien. J&rsquo;aime jouer de la guitare, du piano et de la batterie. Je compose \u00e9galement de la musique sur ordinateur. La musique est pour moi une source d&rsquo;inspiration.<\/li>\n<\/ul>\n\n\n\n<ul class=\"wp-block-list\">\n<li><strong>Langues<\/strong> : Je parle couramment Anglais et Espagnol. J&rsquo;ai aussi des notions de Japonais (3 ans d&rsquo;\u00e9tudes)<\/li>\n<\/ul>\n<\/div>\n\n\n\n<div class=\"wp-block-group alignfull has-accent-5-background-color has-background has-global-padding is-layout-constrained wp-container-core-group-is-layout-d89aad35 wp-block-group-is-layout-constrained\" style=\"margin-top:0;margin-bottom:0;padding-top:var(--wp--preset--spacing--50);padding-right:var(--wp--preset--spacing--50);padding-bottom:var(--wp--preset--spacing--50);padding-left:var(--wp--preset--spacing--50)\">\n<div class=\"wp-block-columns alignwide is-layout-flex wp-container-core-columns-is-layout-1da03c2a wp-block-columns-is-layout-flex\">\n<div class=\"wp-block-column is-layout-flow wp-block-column-is-layout-flow\" style=\"flex-basis:40%\">\n<h2 class=\"wp-block-heading has-text-align-center\"><strong>10884<\/strong> <strong>Studio<\/strong><\/h2>\n\n\n\n<p><\/p>\n\n\n\n<p>Mon parcours dans le jeu vid\u00e9o m&rsquo;a permis de nourrir une v\u00e9ritable passion pour la cr\u00e9ation de jeux. Que ce soit \u00e0 travers la conception graphique, le d\u00e9veloppement du code ou m\u00eame le sound design, j&rsquo;ai appris \u00e0 toucher \u00e0 tous les aspects de ce m\u00e9tier fascinant.<\/p>\n\n\n\n<p>Aujourd&rsquo;hui, je suis fier de collaborer avec d&rsquo;autres cr\u00e9ateurs sur mon propre studio ind\u00e9pendant : <strong>10884 Studio<\/strong>. Ensemble, nous d\u00e9veloppons des jeux-vid\u00e9o qui refl\u00e8tent notre cr\u00e9ativit\u00e9 et notre engagement pour l&rsquo;innovation.<\/p>\n<\/div>\n\n\n\n<div class=\"wp-block-column is-vertically-aligned-center is-layout-flow wp-block-column-is-layout-flow\" style=\"flex-basis:60%\">\n<figure class=\"wp-block-image size-full is-style-rounded wp-duotone-unset-3 is-style-rounded--2\"><img loading=\"lazy\" decoding=\"async\" width=\"1024\" height=\"1024\" src=\"https:\/\/elliot.app.ndlpavranches.fr\/wp-content\/uploads\/2025\/12\/CC752835-0BC9-4154-A1AF-7E7D45FA163D.png\" alt=\"\" class=\"wp-image-45\" style=\"aspect-ratio:4\/3;object-fit:cover\" srcset=\"https:\/\/elliot.app.ndlpavranches.fr\/wp-content\/uploads\/2025\/12\/CC752835-0BC9-4154-A1AF-7E7D45FA163D.png 1024w, https:\/\/elliot.app.ndlpavranches.fr\/wp-content\/uploads\/2025\/12\/CC752835-0BC9-4154-A1AF-7E7D45FA163D-300x300.png 300w, https:\/\/elliot.app.ndlpavranches.fr\/wp-content\/uploads\/2025\/12\/CC752835-0BC9-4154-A1AF-7E7D45FA163D-150x150.png 150w, https:\/\/elliot.app.ndlpavranches.fr\/wp-content\/uploads\/2025\/12\/CC752835-0BC9-4154-A1AF-7E7D45FA163D-768x768.png 768w\" sizes=\"auto, (max-width: 1024px) 100vw, 1024px\" \/><\/figure>\n<\/div>\n<\/div>\n<\/div>\n\n\n\n<div class=\"wp-block-group alignfull has-accent-5-background-color has-background has-global-padding is-layout-constrained wp-container-core-group-is-layout-d89aad35 wp-block-group-is-layout-constrained\" style=\"margin-top:0;margin-bottom:0;padding-top:var(--wp--preset--spacing--50);padding-right:var(--wp--preset--spacing--50);padding-bottom:var(--wp--preset--spacing--50);padding-left:var(--wp--preset--spacing--50)\">\n<div class=\"wp-block-columns alignwide is-layout-flex wp-container-core-columns-is-layout-1da03c2a wp-block-columns-is-layout-flex\">\n<div class=\"wp-block-column is-vertically-aligned-center is-layout-flow wp-block-column-is-layout-flow\" style=\"flex-basis:60%\">\n<figure class=\"wp-block-image size-large is-style-rounded is-style-rounded--4\"><img loading=\"lazy\" decoding=\"async\" width=\"1024\" height=\"576\" src=\"https:\/\/elliot.app.ndlpavranches.fr\/wp-content\/uploads\/2025\/12\/logowwstudio-2-1024x576.jpg\" alt=\"\" class=\"wp-image-43\" srcset=\"https:\/\/elliot.app.ndlpavranches.fr\/wp-content\/uploads\/2025\/12\/logowwstudio-2-1024x576.jpg 1024w, https:\/\/elliot.app.ndlpavranches.fr\/wp-content\/uploads\/2025\/12\/logowwstudio-2-300x169.jpg 300w, https:\/\/elliot.app.ndlpavranches.fr\/wp-content\/uploads\/2025\/12\/logowwstudio-2-768x432.jpg 768w, https:\/\/elliot.app.ndlpavranches.fr\/wp-content\/uploads\/2025\/12\/logowwstudio-2.jpg 1080w\" sizes=\"auto, (max-width: 1024px) 100vw, 1024px\" \/><\/figure>\n<\/div>\n\n\n\n<div class=\"wp-block-column is-layout-flow wp-block-column-is-layout-flow\" style=\"flex-basis:40%\">\n<h2 class=\"wp-block-heading has-text-align-center\"><strong>Web Weave<\/strong><\/h2>\n\n\n\n<h5 class=\"wp-block-heading has-text-align-center\"><em>Vos sites tiss\u00e9s avec soin !<\/em><\/h5>\n\n\n\n<p>Mon parcours m&rsquo;a aussi permis de d\u00e9velopper des comp\u00e9tences solides en d\u00e9veloppement web, je travaille actuellement sur des projets visant \u00e0 cr\u00e9er des sites vitrines pour des entreprises sous le nom de ma future soci\u00e9t\u00e9 <strong>Web Weave<\/strong>. <\/p>\n\n\n\n<p>Mon but est d&rsquo;aider les entreprises ayant du mal \u00e0 se digitaliser tout en m&rsquo;apportant de nouvelles connaissances qu&rsquo;elles soient en d\u00e9veloppement ou bien en relations client.<\/p>\n<\/div>\n<\/div>\n<\/div>\n\n\n\n<div class=\"wp-block-group alignfull has-base-color has-contrast-background-color has-text-color has-background has-link-color wp-elements-0ca5ee4930f17d67793b3dde909ec27b has-global-padding is-layout-constrained wp-container-core-group-is-layout-d89aad35 wp-block-group-is-layout-constrained\" style=\"margin-top:0;margin-bottom:0;padding-top:var(--wp--preset--spacing--50);padding-right:var(--wp--preset--spacing--50);padding-bottom:var(--wp--preset--spacing--50);padding-left:var(--wp--preset--spacing--50)\">\n<h2 class=\"wp-block-heading alignwide has-base-color has-text-color has-link-color wp-elements-d9e1fa21ce561e53df49137e45107905\" style=\"font-size:clamp(4.509rem, 4.509rem + ((1vw - 0.2rem) * 9.152), 10rem);letter-spacing:-0.02em\">Objectifs<\/h2>\n\n\n\n<div class=\"wp-block-group alignwide is-layout-flow wp-block-group-is-layout-flow\">\n<hr class=\"wp-block-separator has-text-color has-base-color has-alpha-channel-opacity has-base-background-color has-background is-style-wide\" style=\"margin-top:var(--wp--preset--spacing--30);margin-bottom:var(--wp--preset--spacing--30)\"\/>\n\n\n\n<h3 class=\"wp-block-heading alignwide has-base-2-color has-text-color has-link-color wp-elements-4fb0244e40642e622da474374049d4bb\">Court terme:<\/h3>\n\n\n\n<ul class=\"wp-block-list\">\n<li>Me perfectionner dans le d\u00e9veloppement web<\/li>\n\n\n\n<li>Me perfectionner dans le d\u00e9veloppement d&rsquo;applications (jeux-vid\u00e9o)<\/li>\n\n\n\n<li>Perfectionner mon Japonais<\/li>\n<\/ul>\n\n\n\n<hr class=\"wp-block-separator has-text-color has-base-color has-alpha-channel-opacity has-base-background-color has-background is-style-wide\" style=\"margin-top:var(--wp--preset--spacing--30);margin-bottom:var(--wp--preset--spacing--30)\"\/>\n\n\n\n<h3 class=\"wp-block-heading alignwide has-base-2-color has-text-color has-link-color wp-elements-200a25d45bcf129b0c06ad5d99c86d32\">Long terme:<\/h3>\n\n\n\n<ul class=\"wp-block-list\">\n<li>Me sp\u00e9cialiser dans l&rsquo;IA<\/li>\n\n\n\n<li>Devenir Ing\u00e9nieur<\/li>\n\n\n\n<li>Travailler \u00e0 l&rsquo;\u00e9tranger<\/li>\n<\/ul>\n\n\n\n<hr class=\"wp-block-separator has-text-color has-base-color has-alpha-channel-opacity has-base-background-color has-background is-style-wide\" style=\"margin-top:var(--wp--preset--spacing--30);margin-bottom:var(--wp--preset--spacing--30)\"\/>\n\n\n\n<div style=\"margin-top:var(--wp--preset--spacing--10);margin-bottom:0;height:var(--wp--preset--spacing--10)\" aria-hidden=\"true\" class=\"wp-block-spacer\"><\/div>\n\n\n\n<div class=\"wp-block-buttons is-content-justification-center is-layout-flex wp-container-core-buttons-is-layout-a89b3969 wp-block-buttons-is-layout-flex\">\n<div class=\"wp-block-button is-style-outline is-style-outline--5\"><a class=\"wp-block-button__link has-text-align-center wp-element-button\" href=\"#a-propos\">Haut de page<\/a><\/div>\n<\/div>\n<\/div>\n<\/div>\n","protected":false},"excerpt":{"rendered":"<p>\u00c9tudiant en BTS SIO \u00e0 Notre Dame de La Providence \u00e0 Avranches, passionn\u00e9 par les nouvelles technologies et l&rsquo;intelligence artificielle, je suis un d\u00e9veloppeur ambitieux avec un objectif clair : devenir ing\u00e9nieur en IA. Comp\u00e9tences 10884 Studio Mon parcours dans le jeu vid\u00e9o m&rsquo;a permis de nourrir une v\u00e9ritable passion pour la cr\u00e9ation de jeux. [&hellip;]<\/p>\n","protected":false},"author":1,"featured_media":0,"parent":0,"menu_order":0,"comment_status":"closed","ping_status":"closed","template":"","meta":{"footnotes":""},"class_list":["post-12","page","type-page","status-publish","hentry"],"_links":{"self":[{"href":"https:\/\/elliot.app.ndlpavranches.fr\/index.php?rest_route=\/wp\/v2\/pages\/12","targetHints":{"allow":["GET"]}}],"collection":[{"href":"https:\/\/elliot.app.ndlpavranches.fr\/index.php?rest_route=\/wp\/v2\/pages"}],"about":[{"href":"https:\/\/elliot.app.ndlpavranches.fr\/index.php?rest_route=\/wp\/v2\/types\/page"}],"author":[{"embeddable":true,"href":"https:\/\/elliot.app.ndlpavranches.fr\/index.php?rest_route=\/wp\/v2\/users\/1"}],"replies":[{"embeddable":true,"href":"https:\/\/elliot.app.ndlpavranches.fr\/index.php?rest_route=%2Fwp%2Fv2%2Fcomments&post=12"}],"version-history":[{"count":22,"href":"https:\/\/elliot.app.ndlpavranches.fr\/index.php?rest_route=\/wp\/v2\/pages\/12\/revisions"}],"predecessor-version":[{"id":121,"href":"https:\/\/elliot.app.ndlpavranches.fr\/index.php?rest_route=\/wp\/v2\/pages\/12\/revisions\/121"}],"wp:attachment":[{"href":"https:\/\/elliot.app.ndlpavranches.fr\/index.php?rest_route=%2Fwp%2Fv2%2Fmedia&parent=12"}],"curies":[{"name":"wp","href":"https:\/\/api.w.org\/{rel}","templated":true}]}}